{"id":106,"date":"2024-05-16T10:25:02","date_gmt":"2024-05-16T08:25:02","guid":{"rendered":"http:\/\/www.contreforme-editions.com\/?page_id=106"},"modified":"2026-04-10T18:27:41","modified_gmt":"2026-04-10T16:27:41","slug":"collections","status":"publish","type":"page","link":"https:\/\/www.contreforme-editions.com\/index.php\/collections\/","title":{"rendered":"Collections"},"content":{"rendered":"<p><strong>Contreforme \u00e9ditions<\/strong> vous propose quatre collections aux formes et exp\u00e9riences vari\u00e9es :<\/p><p><strong>La collection contrecourant :<\/strong>&nbsp;romans inspir\u00e9s de parcours singuliers,&nbsp;fictions narratives d\u2019individus, baroudeurs d\u2019espaces, du monde connu.<\/p><p><strong>La collection contretemps :<\/strong> romans de science-fiction, uchronies, interrogeant dans des espace-temps diff\u00e9rents, notre soci\u00e9t\u00e9 contemporaine.<\/p><p><strong>La collection contrepli :<\/strong> correspondances litt\u00e9raires venues d\u2019ailleurs, lettres d\u2019auteur\u00b7ices du monde entier racontant leur quotidien et leurs exp\u00e9riences singuli\u00e8res, pour ouvrir une fen\u00eatre sensible et incarn\u00e9e sur le monde.<\/p><p><strong>La collection contredire : <\/strong>articles en sciences sociales et humaines (philosophique, sociologique, anthropologique, etc.) proposant des regards document\u00e9s sur l&rsquo;\u00e9volution de concepts cl\u00e9s de notre \u00e9poque avec un appui graphique pour entrer dans le concept en un coup d\u2019\u0153il.<\/p>","protected":false},"excerpt":{"rendered":"<p>Contreforme \u00e9ditions vous propose quatre collections aux formes et exp\u00e9riences vari\u00e9es : La collection contrecourant :&nbsp;romans inspir\u00e9s de parcours singuliers,&nbsp;fictions narratives d\u2019individus, baroudeurs d\u2019espaces, du monde connu. La collection contretemps : romans de science-fiction, uchronies, interrogeant dans des espace-temps diff\u00e9rents, notre soci\u00e9t\u00e9 contemporaine. La collection contrepli : correspondances litt\u00e9raires venues d\u2019ailleurs, lettres d\u2019auteur\u00b7ices du monde [&hellip;]<\/p>\n","protected":false},"author":1,"featured_media":0,"parent":0,"menu_order":0,"comment_status":"closed","ping_status":"closed","template":"","meta":{"footnotes":""},"class_list":["post-106","page","type-page","status-publish","hentry"],"jetpack_sharing_enabled":true,"_links":{"self":[{"href":"https:\/\/www.contreforme-editions.com\/index.php\/wp-json\/wp\/v2\/pages\/106","targetHints":{"allow":["GET"]}}],"collection":[{"href":"https:\/\/www.contreforme-editions.com\/index.php\/wp-json\/wp\/v2\/pages"}],"about":[{"href":"https:\/\/www.contreforme-editions.com\/index.php\/wp-json\/wp\/v2\/types\/page"}],"author":[{"embeddable":true,"href":"https:\/\/www.contreforme-editions.com\/index.php\/wp-json\/wp\/v2\/users\/1"}],"replies":[{"embeddable":true,"href":"https:\/\/www.contreforme-editions.com\/index.php\/wp-json\/wp\/v2\/comments?post=106"}],"version-history":[{"count":7,"href":"https:\/\/www.contreforme-editions.com\/index.php\/wp-json\/wp\/v2\/pages\/106\/revisions"}],"predecessor-version":[{"id":365,"href":"https:\/\/www.contreforme-editions.com\/index.php\/wp-json\/wp\/v2\/pages\/106\/revisions\/365"}],"wp:attachment":[{"href":"https:\/\/www.contreforme-editions.com\/index.php\/wp-json\/wp\/v2\/media?parent=106"}],"curies":[{"name":"wp","href":"https:\/\/api.w.org\/{rel}","templated":true}]}}