{"id":109,"date":"2024-05-16T10:32:12","date_gmt":"2024-05-16T08:32:12","guid":{"rendered":"http:\/\/www.contreforme-editions.com\/?page_id=109"},"modified":"2024-06-17T14:22:20","modified_gmt":"2024-06-17T12:22:20","slug":"manifeste","status":"publish","type":"page","link":"https:\/\/www.contreforme-editions.com\/index.php\/manifeste\/","title":{"rendered":"Manifeste"},"content":{"rendered":"<p><em>Lorsqu\u2019on imprime un livre avec une presse authentique, le caract\u00e8re tremp\u00e9 d\u2019encre est frapp\u00e9 sur le support (en g\u00e9n\u00e9ral une feuille de papier). \u00c0 l\u2019int\u00e9rieur de ce caract\u00e8re, un vide qui a un nom&nbsp;: la contreforme. C\u2019est cette espace de caract\u00e8re que <strong>Contreforme \u00e9ditions<\/strong> se propose de remplir par des livres.<\/em><\/p><p>Jouer avec le monde qui nous entoure&nbsp;: le dire, l\u2019imaginer, le penser et le repenser. Le retourner dans tous les sens pour y dessiner ses contours et d\u00e9peindre l\u2019en-dedans, l\u2019en-dehors. Raconter des histoires comme des formes possibles. Les deux pieds dans le r\u00e9el, sauter dans le miroir pour y d\u00e9couvrir, cach\u00e9s en coulisse, des individus prot\u00e9iformes.<\/p><p>Individu face au monde<\/p><p>individu face \u00e0 lui-m\u00eame<\/p><p>face aux autres<\/p><p>face au sol<\/p><p><em>face aux pile<\/em>s !<\/p><p>Sans limite spatio-temporelle, traverser les fronti\u00e8res comme une encre indisciplin\u00e9e qui r\u00e9siste aux <em>casses<\/em>,<\/p><p>Ouvrir la bouche, \u00e9crire et laisser les mots porteurs de sens&#8230;<\/p><p><strong>Faire acte d&rsquo;\u00e9dition !<\/strong><\/p><p>Laisser des traces<\/p><p>Les faire r\u00e9sonner,<\/p><p>Mais raisonner ces traces pour un impact efficace et <strong>responsable<\/strong><\/p><p>Peu de publications\u00a0: deux par an<\/p><p>Des <strong>impressions ma\u00eetris\u00e9es<\/strong>&nbsp;: en circuit court<\/p><p>Dans le Cantal au pays du Grand Volcan<\/p><p>En vibration avec l\u2019espace &nbsp;&nbsp;&nbsp;&nbsp; les espaces<\/p><p><strong>\u00catre une maison ind\u00e9pendante&nbsp;!<\/strong><\/p><p>Qui s\u2019engage aupr\u00e8s de librairies ind\u00e9pendantes<\/p><p>\u00c0 cr\u00e9er des rencontres entre auteur\/trice.s et lecteur\/trice.s<\/p><p>Qui signe de vrais contrats aux auteur.trice.s<\/p><p>Qui suit leurs ouvrages du berceau \u00e0 l\u2019\u00e9mancipation&nbsp;: <strong>\u00e9diteurs-acteurs engag\u00e9s tout au long de la cha\u00eene du livre<\/strong>.<\/p>","protected":false},"excerpt":{"rendered":"<p>Lorsqu\u2019on imprime un livre avec une presse authentique, le caract\u00e8re tremp\u00e9 d\u2019encre est frapp\u00e9 sur le support (en g\u00e9n\u00e9ral une feuille de papier). \u00c0 l\u2019int\u00e9rieur de ce caract\u00e8re, un vide qui a un nom&nbsp;: la contreforme. C\u2019est cette espace de caract\u00e8re que Contreforme \u00e9ditions se propose de remplir par des livres. Jouer avec le monde [&hellip;]<\/p>\n","protected":false},"author":1,"featured_media":0,"parent":0,"menu_order":0,"comment_status":"closed","ping_status":"closed","template":"","meta":{"footnotes":""},"class_list":["post-109","page","type-page","status-publish","hentry"],"jetpack_sharing_enabled":true,"_links":{"self":[{"href":"https:\/\/www.contreforme-editions.com\/index.php\/wp-json\/wp\/v2\/pages\/109","targetHints":{"allow":["GET"]}}],"collection":[{"href":"https:\/\/www.contreforme-editions.com\/index.php\/wp-json\/wp\/v2\/pages"}],"about":[{"href":"https:\/\/www.contreforme-editions.com\/index.php\/wp-json\/wp\/v2\/types\/page"}],"author":[{"embeddable":true,"href":"https:\/\/www.contreforme-editions.com\/index.php\/wp-json\/wp\/v2\/users\/1"}],"replies":[{"embeddable":true,"href":"https:\/\/www.contreforme-editions.com\/index.php\/wp-json\/wp\/v2\/comments?post=109"}],"version-history":[{"count":4,"href":"https:\/\/www.contreforme-editions.com\/index.php\/wp-json\/wp\/v2\/pages\/109\/revisions"}],"predecessor-version":[{"id":168,"href":"https:\/\/www.contreforme-editions.com\/index.php\/wp-json\/wp\/v2\/pages\/109\/revisions\/168"}],"wp:attachment":[{"href":"https:\/\/www.contreforme-editions.com\/index.php\/wp-json\/wp\/v2\/media?parent=109"}],"curies":[{"name":"wp","href":"https:\/\/api.w.org\/{rel}","templated":true}]}}