{"id":250,"date":"2024-10-29T17:20:38","date_gmt":"2024-10-29T16:20:38","guid":{"rendered":"http:\/\/www.contreforme-editions.com\/?post_type=product&#038;p=250"},"modified":"2026-05-11T12:17:57","modified_gmt":"2026-05-11T10:17:57","slug":"electrophages","status":"publish","type":"product","link":"https:\/\/www.contreforme-editions.com\/index.php\/produit\/electrophages\/","title":{"rendered":"\u00c9lectrophages"},"content":{"rendered":"<p><strong>\u00c9lectrophages (220 pages) :<\/strong> Depuis l\u2019invasion des \u00e9lectrophages, insectes volants dop\u00e9s \u00e0 l\u2019\u00e9lectricit\u00e9, la plupart des humains se sont r\u00e9fugi\u00e9s dans des havres souterrains. Ils y vivent sous l\u2019influence d\u2019un algorithme cr\u00e9ant des \u00ab Solutions \u00bb pour les lib\u00e9rer. Parce qu\u2019il est l\u2019un des rares survivants \u00e0 avoir connu la vie \u00e0 l\u2019air libre, Gama se retrouve engag\u00e9 dans une exp\u00e9dition vers l\u2019inconnu pour essayer de forcer le destin de sa communaut\u00e9. <em>\/Parution novembre 2024.<\/em><\/p>\n<p><strong>L&rsquo;auteur : <\/strong>Pouss\u00e9 par la faim, Micha\u00ebl Verger m\u00e8ne une carri\u00e8re \u00e9clectique d&rsquo;auteur \u00e0 tout faire et de journaliste. Comme la majorit\u00e9 de la population d\u00e9sormais, il est hant\u00e9 par des visions de fin du monde, qu&rsquo;il prend parfois la peine d&rsquo;\u00e9crire.<\/p>\n<p><strong>L\u2019objet-livre : Contreforme \u00e9ditions est une structure associative qui respecte l\u2019environnement et qui a choisi de faire imprimer tous ses livres en France et \u00e0 proximit\u00e9 de son si\u00e8ge social. Ainsi, nous avons choisi de travailler avec l\u2019imprimerie Champagnac engag\u00e9e dans une pratique responsable et durable. <\/strong><strong>Pour garantir un livre de qualit\u00e9 qui puisse int\u00e9grer durablement vos \u00e9tag\u00e8res et vos biblioth\u00e8ques, nous avons opt\u00e9 pour un dos carr\u00e9-coll\u00e9 en cahiers cousus, avec du papier 90gr\/m2 (int\u00e9rieur) ainsi qu\u2019une couverture imprim\u00e9e en ton direct (3 couleurs Pantone \u00ae). Format : 125mm x 190mm.<\/strong><\/p>\n","protected":false},"excerpt":{"rendered":"<p>\u00c9lectrophages (220 pages) : Depuis l\u2019invasion des \u00e9lectrophages, insectes volants dop\u00e9s \u00e0 l\u2019\u00e9lectricit\u00e9, la plupart des humains se sont r\u00e9fugi\u00e9s dans des havres souterrains. Ils y vivent sous l\u2019influence d\u2019un algorithme cr\u00e9ant des \u00ab Solutions \u00bb pour les lib\u00e9rer. Parce qu\u2019il est l\u2019un des rares survivants \u00e0 avoir connu la vie \u00e0 l\u2019air libre, Gama [&hellip;]<\/p>\n","protected":false},"featured_media":251,"comment_status":"open","ping_status":"closed","template":"","meta":[],"product_brand":[],"product_cat":[31],"product_tag":[35,32,36,34,33],"class_list":{"0":"post-250","1":"product","2":"type-product","3":"status-publish","4":"has-post-thumbnail","6":"product_cat-collection-contretemps","7":"product_tag-contretemps","8":"product_tag-electrophages","9":"product_tag-michael-verger","10":"product_tag-science-fiction","11":"product_tag-sf","13":"first","14":"instock","15":"shipping-taxable","16":"purchasable","17":"product-type-simple"},"jetpack_sharing_enabled":true,"_links":{"self":[{"href":"https:\/\/www.contreforme-editions.com\/index.php\/wp-json\/wp\/v2\/product\/250","targetHints":{"allow":["GET"]}}],"collection":[{"href":"https:\/\/www.contreforme-editions.com\/index.php\/wp-json\/wp\/v2\/product"}],"about":[{"href":"https:\/\/www.contreforme-editions.com\/index.php\/wp-json\/wp\/v2\/types\/product"}],"replies":[{"embeddable":true,"href":"https:\/\/www.contreforme-editions.com\/index.php\/wp-json\/wp\/v2\/comments?post=250"}],"wp:featuredmedia":[{"embeddable":true,"href":"https:\/\/www.contreforme-editions.com\/index.php\/wp-json\/wp\/v2\/media\/251"}],"wp:attachment":[{"href":"https:\/\/www.contreforme-editions.com\/index.php\/wp-json\/wp\/v2\/media?parent=250"}],"wp:term":[{"taxonomy":"product_brand","embeddable":true,"href":"https:\/\/www.contreforme-editions.com\/index.php\/wp-json\/wp\/v2\/product_brand?post=250"},{"taxonomy":"product_cat","embeddable":true,"href":"https:\/\/www.contreforme-editions.com\/index.php\/wp-json\/wp\/v2\/product_cat?post=250"},{"taxonomy":"product_tag","embeddable":true,"href":"https:\/\/www.contreforme-editions.com\/index.php\/wp-json\/wp\/v2\/product_tag?post=250"}],"curies":[{"name":"wp","href":"https:\/\/api.w.org\/{rel}","templated":true}]}}