{"id":301,"date":"2025-06-16T11:34:25","date_gmt":"2025-06-16T09:34:25","guid":{"rendered":"https:\/\/www.contreforme-editions.com\/?post_type=product&#038;p=301"},"modified":"2025-10-16T21:47:18","modified_gmt":"2025-10-16T19:47:18","slug":"larmes-de-pilar","status":"publish","type":"product","link":"https:\/\/www.contreforme-editions.com\/index.php\/produit\/larmes-de-pilar\/","title":{"rendered":"Larmes de Pilar"},"content":{"rendered":"<p><strong>Larmes de Pilar (264 pages) :<\/strong> Jos\u00e9 est tailleur de pierre lorsque la menace franquiste le contraint \u00e0 quitter l\u2019Espagne. En 1936, il entra\u00eene dans cette fuite sa femme Elise ainsi que ses deux \ufb01lles : Flora-Maria et Felicidad. Comment s\u2019\u00e9manciper de ses origines sans trahir les siens ? Comment grandir par temps de guerre ?<br \/>\nLe fascisme broie les Hommes. Peut-il d\u00e9truire l\u2019espoir, la vie, l\u2019amour ?<br \/>\nL\u2019exil des \u00e2mes prolonge le malheur d\u2019une petite \ufb01 lle qui, sans rep\u00e8re, doit reb\u00e2tir un monde qu\u2019elle a \u00e0 peine eu le temps de voir. Les mots qui viennent \u00e0 elle, des ann\u00e9es plus tard, sont inspir\u00e9s de Pilar, \ufb01 gure statuaire repr\u00e9sentant la plus belle des id\u00e9es : la libert\u00e9.<\/p>\n<p><strong>L\u2019autrice :<\/strong> Pratiquant le violon, orient\u00e9e par la psychanalyse, Nicole Martinez a \u00e9tudi\u00e9 la linguistique et les sciences de l\u2019\u00e9ducation. Marqu\u00e9e par l\u2019exil de son p\u00e8re et de ses grands-parents, pour se prot\u00e9ger de ces maux, elle se forma \u00e0 une \u00e9criture scienti\ufb01 que et technique. Il lui fallut des ann\u00e9es pour entendre la musique de la langue fran\u00e7aise. C\u2019est ainsi qu\u2019elle chemina des maux aux mots: musicalit\u00e9 et libert\u00e9 dans un combat pour le bien dire.<\/p>\n<p><strong>L\u2019objet-livre : Contreforme \u00e9ditions est une structure associative qui respecte l\u2019environnement et qui a choisi de faire imprimer tous ses livres en France et \u00e0 proximit\u00e9 de son si\u00e8ge social. Ainsi, nous avons choisi de travailler avec l\u2019imprimerie Champagnac engag\u00e9e dans une pratique responsable et durable. <\/strong><br \/>\n<strong>Pour garantir un livre de qualit\u00e9 qui puisse int\u00e9grer durablement vos \u00e9tag\u00e8res et vos biblioth\u00e8ques, nous avons opt\u00e9 pour un dos carr\u00e9-coll\u00e9 en cahiers cousus, avec du papier 90gr\/m2 (int\u00e9rieur) ainsi qu\u2019une couverture imprim\u00e9e en ton direct (3 couleurs Pantone \u00ae). Format : 125mm x 190mm.<\/strong><\/p>\n","protected":false},"excerpt":{"rendered":"<p>Larmes de Pilar (264 pages) : Jos\u00e9 est tailleur de pierre lorsque la menace franquiste le contraint \u00e0 quitter l\u2019Espagne. En 1936, il entra\u00eene dans cette fuite sa femme Elise ainsi que ses deux \ufb01lles : Flora-Maria et Felicidad. Comment s\u2019\u00e9manciper de ses origines sans trahir les siens ? Comment grandir par temps de guerre [&hellip;]<\/p>\n","protected":false},"featured_media":302,"comment_status":"open","ping_status":"closed","template":"","meta":[],"product_brand":[],"product_cat":[22],"product_tag":[],"class_list":{"0":"post-301","1":"product","2":"type-product","3":"status-publish","4":"has-post-thumbnail","6":"product_cat-collection-contrecourant","8":"first","9":"instock","10":"shipping-taxable","11":"purchasable","12":"product-type-simple"},"jetpack_sharing_enabled":true,"_links":{"self":[{"href":"https:\/\/www.contreforme-editions.com\/index.php\/wp-json\/wp\/v2\/product\/301","targetHints":{"allow":["GET"]}}],"collection":[{"href":"https:\/\/www.contreforme-editions.com\/index.php\/wp-json\/wp\/v2\/product"}],"about":[{"href":"https:\/\/www.contreforme-editions.com\/index.php\/wp-json\/wp\/v2\/types\/product"}],"replies":[{"embeddable":true,"href":"https:\/\/www.contreforme-editions.com\/index.php\/wp-json\/wp\/v2\/comments?post=301"}],"wp:featuredmedia":[{"embeddable":true,"href":"https:\/\/www.contreforme-editions.com\/index.php\/wp-json\/wp\/v2\/media\/302"}],"wp:attachment":[{"href":"https:\/\/www.contreforme-editions.com\/index.php\/wp-json\/wp\/v2\/media?parent=301"}],"wp:term":[{"taxonomy":"product_brand","embeddable":true,"href":"https:\/\/www.contreforme-editions.com\/index.php\/wp-json\/wp\/v2\/product_brand?post=301"},{"taxonomy":"product_cat","embeddable":true,"href":"https:\/\/www.contreforme-editions.com\/index.php\/wp-json\/wp\/v2\/product_cat?post=301"},{"taxonomy":"product_tag","embeddable":true,"href":"https:\/\/www.contreforme-editions.com\/index.php\/wp-json\/wp\/v2\/product_tag?post=301"}],"curies":[{"name":"wp","href":"https:\/\/api.w.org\/{rel}","templated":true}]}}